{"id":1377,"date":"2025-02-26T17:29:08","date_gmt":"2025-02-26T16:29:08","guid":{"rendered":"https:\/\/sortiescelibataires.com\/?page_id=1377"},"modified":"2025-11-23T16:20:45","modified_gmt":"2025-11-23T15:20:45","slug":"mentions-legales","status":"publish","type":"page","link":"https:\/\/sortiescelibataires.com\/?page_id=1377","title":{"rendered":"Mentions l\u00e9gales"},"content":{"rendered":"\t\t<div data-elementor-type=\"wp-page\" data-elementor-id=\"1377\" class=\"elementor elementor-1377\">\n\t\t\t\t<div class=\"elementor-element elementor-element-82e8aa9 e-flex e-con-boxed wpr-particle-no wpr-jarallax-no wpr-parallax-no wpr-sticky-section-no e-con e-parent\" data-id=\"82e8aa9\" data-element_type=\"container\" data-e-type=\"container\">\n\t\t\t\t\t<div class=\"e-con-inner\">\n\t\t\t\t<div class=\"elementor-element elementor-element-0e32b0a elementor-widget elementor-widget-text-editor\" data-id=\"0e32b0a\" data-element_type=\"widget\" data-e-type=\"widget\" data-widget_type=\"text-editor.default\">\n\t\t\t\t<div class=\"elementor-widget-container\">\n\t\t\t\t\t\t\t\t\t<h5 data-heading-tag=\"H1\">\u00a0<\/h5><h5 data-heading-tag=\"H1\">\u00a0<\/h5><h6 data-heading-tag=\"H1\"><span style=\"font-weight: bold;\"><br \/>Mentions l\u00e9gales<br \/><\/span><span style=\"font-size: 1.7em; font-weight: bold;\">Edition du site internet<\/span><br \/>Association loi 1901<br \/>Si\u00e8ge social: 21 Place de la R\u00e9publique 75003 Paris.<br \/>Siret: 539 015 800 00011<br \/>Siren: 539 015 800<br \/>Pr\u00e9sidente: Catherine Drevon.<\/h6><h2 data-heading-tag=\"H2\">R\u00e9daction du site internet<\/h2><p class=\"blocThree\">Directeur de publication: Annie Jolec<br \/>Directeur r\u00e9daction: Anne Jolec<br \/>annie.jolec@orange.fr<br \/>06.16.39.04.64<\/p><p class=\"blocThree\">Mentions l\u00e9gales<\/p><p class=\"blocThree\">D\u00e9nomination sociale: Association les \u00e9venements d&rsquo;anny<br \/>Si\u00e8ge social: 21 Place de la R\u00e9publique, 75003 Paris<br \/>Site internet: https:\/\/sortiescelibataires.com\/T\u00e9l\u00e9phone 06 16 39 04 64<br \/>H\u00e9bergeur: OVH<br \/><br \/>Propri\u00e9t\u00e9 intellectuelle<\/p><p class=\"blocThree\">Toutes les marques, photographies, textes, commentaires, illustrations, images anim\u00e9es ou non, s\u00e9quences vid\u00e9o, sons, ainsi que toutes les applications informatiques qui pourraient \u00eatre utilis\u00e9es pour faire fonctionner le Site et plus g\u00e9n\u00e9ralement tous les \u00e9l\u00e9ments reproduits ou utilis\u00e9s sur le Site sont prot\u00e9g\u00e9s par les lois en vigueur au titre de la propri\u00e9t\u00e9 intellectuelle. Ils sont la propri\u00e9t\u00e9 pleine et enti\u00e8re de l&rsquo;Editeur ou de ses partenaires, sauf mentions particuli\u00e8res. Toute reproduction, repr\u00e9sentation, utilisation ou adaptation, sous quelque forme que ce soit, de tout ou partie de ces \u00e9l\u00e9ments, y compris les applications informatiques, sans l&rsquo;accord pr\u00e9alable et \u00e9crit de l&rsquo;Editeur, sont strictement interdites. Le fait pour l&rsquo;Editeur de ne pas engager de proc\u00e9dure d\u00e8s la prise de connaissance de ces utilisations non autoris\u00e9es ne vaut pas acceptation desdites utilisations et renonciation aux poursuites.<br \/>Seule l&rsquo;utilisation pour un usage priv\u00e9 dans un cercle de famille est autoris\u00e9e et toute autre utilisation est constitutive de contrefa\u00e7on et\/ou d&rsquo;atteinte aux droits voisins, sanctionn\u00e9es par Code de la propri\u00e9t\u00e9 intellectuelle. La reprise de tout ou partie de ce contenu n\u00e9cessite l&rsquo;autorisation pr\u00e9alable de l&rsquo;Editeur ou du titulaire des droits sur ce contenu.<\/p><h2 data-heading-tag=\"H2\">Liens hypertextes<\/h2><p class=\"blocThree\">Le Site peut contenir des liens hypertexte donnant acc\u00e8s \u00e0 d&rsquo;autres sites web \u00e9dit\u00e9s et g\u00e9r\u00e9s par des tiers et non par l&rsquo;Editeur. L&rsquo;Editeur ne pourra \u00eatre tenu responsable directement ou indirectement dans le cas o\u00f9 lesdits sites tiers ne respecteraient pas les dispositions l\u00e9gales. La cr\u00e9ation de liens hypertexte vers le Site ne peut \u00eatre faite qu&rsquo;avec l&rsquo;autorisation \u00e9crite et pr\u00e9alable de l&rsquo;Editeur.<\/p>\t\t\t\t\t\t\t\t<\/div>\n\t\t\t\t<\/div>\n\t\t\t\t\t<\/div>\n\t\t\t\t<\/div>\n\t\t\t\t<\/div>\n\t\t","protected":false},"excerpt":{"rendered":"<p>\u00a0 \u00a0 Mentions l\u00e9galesEdition du site internetAssociation loi 1901Si\u00e8ge social: 21 Place de la R\u00e9publique 75003 Paris.Siret: 539 015 800 00011Siren: 539 015 800Pr\u00e9sidente: Catherine Drevon. R\u00e9daction du site internet Directeur de publication: Annie JolecDirecteur r\u00e9daction: Anne Jolecannie.jolec@orange.fr06.16.39.04.64 Mentions l\u00e9gales D\u00e9nomination sociale: Association les \u00e9venements d&rsquo;annySi\u00e8ge social: 21 Place de la R\u00e9publique, 75003 ParisSite internet: https:\/\/sortiescelibataires.com\/T\u00e9l\u00e9phone 06 16 39 04 64H\u00e9bergeur: OVH Propri\u00e9t\u00e9 intellectuelle Toutes les marques, photographies, textes, commentaires, illustrations, images anim\u00e9es ou non, s\u00e9quences vid\u00e9o, sons, ainsi que toutes les applications informatiques qui pourraient \u00eatre utilis\u00e9es pour faire fonctionner le Site et plus g\u00e9n\u00e9ralement tous les \u00e9l\u00e9ments reproduits ou utilis\u00e9s sur le Site sont prot\u00e9g\u00e9s par les lois en vigueur au titre de la propri\u00e9t\u00e9 intellectuelle. Ils sont la propri\u00e9t\u00e9 pleine et enti\u00e8re de l&rsquo;Editeur ou de ses partenaires, sauf mentions particuli\u00e8res. Toute reproduction, repr\u00e9sentation, utilisation ou adaptation, sous quelque forme que ce soit, de tout ou partie de ces \u00e9l\u00e9ments, y compris les applications informatiques, sans l&rsquo;accord pr\u00e9alable et \u00e9crit de l&rsquo;Editeur, sont strictement interdites. Le fait pour l&rsquo;Editeur de ne pas engager de proc\u00e9dure d\u00e8s la prise de connaissance de ces utilisations non autoris\u00e9es ne vaut pas acceptation desdites utilisations et renonciation aux poursuites.Seule l&rsquo;utilisation pour un usage priv\u00e9 dans un cercle de famille est autoris\u00e9e et toute autre utilisation est constitutive de contrefa\u00e7on et\/ou d&rsquo;atteinte aux droits voisins, sanctionn\u00e9es par Code de la propri\u00e9t\u00e9 intellectuelle. La reprise de tout ou partie de ce contenu n\u00e9cessite l&rsquo;autorisation pr\u00e9alable de l&rsquo;Editeur ou du titulaire des droits sur ce contenu. Liens hypertextes Le Site peut contenir des liens hypertexte donnant acc\u00e8s \u00e0 d&rsquo;autres sites web \u00e9dit\u00e9s et g\u00e9r\u00e9s par des tiers et non par l&rsquo;Editeur. L&rsquo;Editeur ne pourra \u00eatre tenu responsable directement ou indirectement dans le cas o\u00f9 lesdits sites tiers ne respecteraient pas les dispositions l\u00e9gales. La cr\u00e9ation de liens hypertexte vers le Site ne peut \u00eatre faite qu&rsquo;avec l&rsquo;autorisation \u00e9crite et pr\u00e9alable de l&rsquo;Editeur.<\/p>\n","protected":false},"author":1,"featured_media":0,"parent":0,"menu_order":0,"comment_status":"closed","ping_status":"closed","template":"","meta":{"site-sidebar-layout":"no-sidebar","site-content-layout":"page-builder","ast-site-content-layout":"full-width-container","site-content-style":"default","site-sidebar-style":"default","ast-global-header-display":"","ast-banner-title-visibility":"","ast-main-header-display":"","ast-hfb-above-header-display":"","ast-hfb-below-header-display":"","ast-hfb-mobile-header-display":"","site-post-title":"","ast-breadcrumbs-content":"","ast-featured-img":"disabled","footer-sml-layout":"","ast-disable-related-posts":"","theme-transparent-header-meta":"","adv-header-id-meta":"","stick-header-meta":"","header-above-stick-meta":"","header-main-stick-meta":"","header-below-stick-meta":"","astra-migrate-meta-layouts":"set","ast-page-background-enabled":"default","ast-page-background-meta":{"desktop":{"background-color":"var(--ast-global-color-4)","background-image":"","background-repeat":"repeat","background-position":"center center","background-size":"auto","background-attachment":"scroll","background-type":"","background-media":"","overlay-type":"","overlay-color":"","overlay-opacity":"","overlay-gradient":""},"tablet":{"background-color":"","background-image":"","background-repeat":"repeat","background-position":"center center","background-size":"auto","background-attachment":"scroll","background-type":"","background-media":"","overlay-type":"","overlay-color":"","overlay-opacity":"","overlay-gradient":""},"mobile":{"background-color":"","background-image":"","background-repeat":"repeat","background-position":"center center","background-size":"auto","background-attachment":"scroll","background-type":"","background-media":"","overlay-type":"","overlay-color":"","overlay-opacity":"","overlay-gradient":""}},"ast-content-background-meta":{"desktop":{"background-color":"var(--ast-global-color-5)","background-image":"","background-repeat":"repeat","background-position":"center center","background-size":"auto","background-attachment":"scroll","background-type":"","background-media":"","overlay-type":"","overlay-color":"","overlay-opacity":"","overlay-gradient":""},"tablet":{"background-color":"var(--ast-global-color-5)","background-image":"","background-repeat":"repeat","background-position":"center center","background-size":"auto","background-attachment":"scroll","background-type":"","background-media":"","overlay-type":"","overlay-color":"","overlay-opacity":"","overlay-gradient":""},"mobile":{"background-color":"var(--ast-global-color-5)","background-image":"","background-repeat":"repeat","background-position":"center center","background-size":"auto","background-attachment":"scroll","background-type":"","background-media":"","overlay-type":"","overlay-color":"","overlay-opacity":"","overlay-gradient":""}},"footnotes":""},"class_list":["post-1377","page","type-page","status-publish","hentry"],"yoast_head":"<!-- This site is optimized with the Yoast SEO plugin v27.3 - https:\/\/yoast.com\/product\/yoast-seo-wordpress\/ -->\n<title>Mentions l\u00e9gales Sorties c\u00e9libataires Paris Association<\/title>\n<meta name=\"description\" content=\"Mentions l\u00e9gales Sorties c\u00e9libataires Paris Association Notre objectif, aider les c\u00e9libataires, proposer des vraies rencontres\" \/>\n<meta name=\"robots\" content=\"index, follow, max-snippet:-1, max-image-preview:large, max-video-preview:-1\" \/>\n<link rel=\"canonical\" href=\"https:\/\/sortiescelibataires.com\/?page_id=1377\" \/>\n<meta property=\"og:locale\" content=\"fr_FR\" \/>\n<meta property=\"og:type\" content=\"article\" \/>\n<meta property=\"og:title\" content=\"Mentions l\u00e9gales Sorties c\u00e9libataires Paris Association\" \/>\n<meta property=\"og:description\" content=\"Mentions l\u00e9gales Sorties c\u00e9libataires Paris Association Notre objectif, aider les c\u00e9libataires, proposer des vraies rencontres\" \/>\n<meta property=\"og:url\" content=\"https:\/\/sortiescelibataires.com\/?page_id=1377\" \/>\n<meta property=\"og:site_name\" content=\"Sorties C\u00e9libataires\" \/>\n<meta property=\"article:modified_time\" content=\"2025-11-23T15:20:45+00:00\" \/>\n<meta property=\"og:image\" content=\"https:\/\/sortiescelibataires.com\/wp-content\/uploads\/2025\/02\/aperoz.jpg\" \/>\n\t<meta property=\"og:image:width\" content=\"612\" \/>\n\t<meta property=\"og:image:height\" content=\"406\" \/>\n\t<meta property=\"og:image:type\" content=\"image\/jpeg\" \/>\n<meta name=\"twitter:card\" content=\"summary_large_image\" \/>\n<meta name=\"twitter:label1\" content=\"Dur\u00e9e de lecture estim\u00e9e\" \/>\n\t<meta name=\"twitter:data1\" content=\"2 minutes\" \/>\n<script type=\"application\/ld+json\" class=\"yoast-schema-graph\">{\"@context\":\"https:\\\/\\\/schema.org\",\"@graph\":[{\"@type\":\"WebPage\",\"@id\":\"https:\\\/\\\/sortiescelibataires.com\\\/?page_id=1377\",\"url\":\"https:\\\/\\\/sortiescelibataires.com\\\/?page_id=1377\",\"name\":\"Mentions l\u00e9gales Sorties c\u00e9libataires Paris Association\",\"isPartOf\":{\"@id\":\"https:\\\/\\\/sortiescelibataires.com\\\/#website\"},\"datePublished\":\"2025-02-26T16:29:08+00:00\",\"dateModified\":\"2025-11-23T15:20:45+00:00\",\"description\":\"Mentions l\u00e9gales Sorties c\u00e9libataires Paris Association Notre objectif, aider les c\u00e9libataires, proposer des vraies rencontres\",\"breadcrumb\":{\"@id\":\"https:\\\/\\\/sortiescelibataires.com\\\/?page_id=1377#breadcrumb\"},\"inLanguage\":\"fr-FR\",\"potentialAction\":[{\"@type\":\"ReadAction\",\"target\":[\"https:\\\/\\\/sortiescelibataires.com\\\/?page_id=1377\"]}]},{\"@type\":\"BreadcrumbList\",\"@id\":\"https:\\\/\\\/sortiescelibataires.com\\\/?page_id=1377#breadcrumb\",\"itemListElement\":[{\"@type\":\"ListItem\",\"position\":1,\"name\":\"Accueil\",\"item\":\"https:\\\/\\\/sortiescelibataires.com\\\/\"},{\"@type\":\"ListItem\",\"position\":2,\"name\":\"Mentions l\u00e9gales\"}]},{\"@type\":\"WebSite\",\"@id\":\"https:\\\/\\\/sortiescelibataires.com\\\/#website\",\"url\":\"https:\\\/\\\/sortiescelibataires.com\\\/\",\"name\":\"Sorties C\u00e9libataires\",\"description\":\"Sorties C\u00e9libataires Paris\",\"publisher\":{\"@id\":\"https:\\\/\\\/sortiescelibataires.com\\\/#organization\"},\"alternateName\":\"Sorties C\u00e9libataires Paris Jeunes 24-45\",\"potentialAction\":[{\"@type\":\"SearchAction\",\"target\":{\"@type\":\"EntryPoint\",\"urlTemplate\":\"https:\\\/\\\/sortiescelibataires.com\\\/?s={search_term_string}\"},\"query-input\":{\"@type\":\"PropertyValueSpecification\",\"valueRequired\":true,\"valueName\":\"search_term_string\"}}],\"inLanguage\":\"fr-FR\"},{\"@type\":\"Organization\",\"@id\":\"https:\\\/\\\/sortiescelibataires.com\\\/#organization\",\"name\":\"Sorties C\u00e9libataires\",\"alternateName\":\"Sorties C\u00e9libataires Paris Jeunes 24-45\",\"url\":\"https:\\\/\\\/sortiescelibataires.com\\\/\",\"logo\":{\"@type\":\"ImageObject\",\"inLanguage\":\"fr-FR\",\"@id\":\"https:\\\/\\\/sortiescelibataires.com\\\/#\\\/schema\\\/logo\\\/image\\\/\",\"url\":\"https:\\\/\\\/sortiescelibataires.com\\\/wp-content\\\/uploads\\\/2025\\\/02\\\/logo-sortiescelibataires.png\",\"contentUrl\":\"https:\\\/\\\/sortiescelibataires.com\\\/wp-content\\\/uploads\\\/2025\\\/02\\\/logo-sortiescelibataires.png\",\"width\":220,\"height\":45,\"caption\":\"Sorties C\u00e9libataires\"},\"image\":{\"@id\":\"https:\\\/\\\/sortiescelibataires.com\\\/#\\\/schema\\\/logo\\\/image\\\/\"}}]}<\/script>\n<!-- \/ Yoast SEO plugin. -->","yoast_head_json":{"title":"Mentions l\u00e9gales Sorties c\u00e9libataires Paris Association","description":"Mentions l\u00e9gales Sorties c\u00e9libataires Paris Association Notre objectif, aider les c\u00e9libataires, proposer des vraies rencontres","robots":{"index":"index","follow":"follow","max-snippet":"max-snippet:-1","max-image-preview":"max-image-preview:large","max-video-preview":"max-video-preview:-1"},"canonical":"https:\/\/sortiescelibataires.com\/?page_id=1377","og_locale":"fr_FR","og_type":"article","og_title":"Mentions l\u00e9gales Sorties c\u00e9libataires Paris Association","og_description":"Mentions l\u00e9gales Sorties c\u00e9libataires Paris Association Notre objectif, aider les c\u00e9libataires, proposer des vraies rencontres","og_url":"https:\/\/sortiescelibataires.com\/?page_id=1377","og_site_name":"Sorties C\u00e9libataires","article_modified_time":"2025-11-23T15:20:45+00:00","og_image":[{"width":612,"height":406,"url":"https:\/\/sortiescelibataires.com\/wp-content\/uploads\/2025\/02\/aperoz.jpg","type":"image\/jpeg"}],"twitter_card":"summary_large_image","twitter_misc":{"Dur\u00e9e de lecture estim\u00e9e":"2 minutes"},"schema":{"@context":"https:\/\/schema.org","@graph":[{"@type":"WebPage","@id":"https:\/\/sortiescelibataires.com\/?page_id=1377","url":"https:\/\/sortiescelibataires.com\/?page_id=1377","name":"Mentions l\u00e9gales Sorties c\u00e9libataires Paris Association","isPartOf":{"@id":"https:\/\/sortiescelibataires.com\/#website"},"datePublished":"2025-02-26T16:29:08+00:00","dateModified":"2025-11-23T15:20:45+00:00","description":"Mentions l\u00e9gales Sorties c\u00e9libataires Paris Association Notre objectif, aider les c\u00e9libataires, proposer des vraies rencontres","breadcrumb":{"@id":"https:\/\/sortiescelibataires.com\/?page_id=1377#breadcrumb"},"inLanguage":"fr-FR","potentialAction":[{"@type":"ReadAction","target":["https:\/\/sortiescelibataires.com\/?page_id=1377"]}]},{"@type":"BreadcrumbList","@id":"https:\/\/sortiescelibataires.com\/?page_id=1377#breadcrumb","itemListElement":[{"@type":"ListItem","position":1,"name":"Accueil","item":"https:\/\/sortiescelibataires.com\/"},{"@type":"ListItem","position":2,"name":"Mentions l\u00e9gales"}]},{"@type":"WebSite","@id":"https:\/\/sortiescelibataires.com\/#website","url":"https:\/\/sortiescelibataires.com\/","name":"Sorties C\u00e9libataires","description":"Sorties C\u00e9libataires Paris","publisher":{"@id":"https:\/\/sortiescelibataires.com\/#organization"},"alternateName":"Sorties C\u00e9libataires Paris Jeunes 24-45","potentialAction":[{"@type":"SearchAction","target":{"@type":"EntryPoint","urlTemplate":"https:\/\/sortiescelibataires.com\/?s={search_term_string}"},"query-input":{"@type":"PropertyValueSpecification","valueRequired":true,"valueName":"search_term_string"}}],"inLanguage":"fr-FR"},{"@type":"Organization","@id":"https:\/\/sortiescelibataires.com\/#organization","name":"Sorties C\u00e9libataires","alternateName":"Sorties C\u00e9libataires Paris Jeunes 24-45","url":"https:\/\/sortiescelibataires.com\/","logo":{"@type":"ImageObject","inLanguage":"fr-FR","@id":"https:\/\/sortiescelibataires.com\/#\/schema\/logo\/image\/","url":"https:\/\/sortiescelibataires.com\/wp-content\/uploads\/2025\/02\/logo-sortiescelibataires.png","contentUrl":"https:\/\/sortiescelibataires.com\/wp-content\/uploads\/2025\/02\/logo-sortiescelibataires.png","width":220,"height":45,"caption":"Sorties C\u00e9libataires"},"image":{"@id":"https:\/\/sortiescelibataires.com\/#\/schema\/logo\/image\/"}}]}},"_links":{"self":[{"href":"https:\/\/sortiescelibataires.com\/index.php?rest_route=\/wp\/v2\/pages\/1377","targetHints":{"allow":["GET"]}}],"collection":[{"href":"https:\/\/sortiescelibataires.com\/index.php?rest_route=\/wp\/v2\/pages"}],"about":[{"href":"https:\/\/sortiescelibataires.com\/index.php?rest_route=\/wp\/v2\/types\/page"}],"author":[{"embeddable":true,"href":"https:\/\/sortiescelibataires.com\/index.php?rest_route=\/wp\/v2\/users\/1"}],"replies":[{"embeddable":true,"href":"https:\/\/sortiescelibataires.com\/index.php?rest_route=%2Fwp%2Fv2%2Fcomments&post=1377"}],"version-history":[{"count":13,"href":"https:\/\/sortiescelibataires.com\/index.php?rest_route=\/wp\/v2\/pages\/1377\/revisions"}],"predecessor-version":[{"id":2449,"href":"https:\/\/sortiescelibataires.com\/index.php?rest_route=\/wp\/v2\/pages\/1377\/revisions\/2449"}],"wp:attachment":[{"href":"https:\/\/sortiescelibataires.com\/index.php?rest_route=%2Fwp%2Fv2%2Fmedia&parent=1377"}],"curies":[{"name":"wp","href":"https:\/\/api.w.org\/{rel}","templated":true}]}}